{"id":3051,"date":"2024-10-25T16:36:40","date_gmt":"2024-10-25T14:36:40","guid":{"rendered":"https:\/\/liberi-camp.com\/datenschutz\/"},"modified":"2024-12-18T12:05:47","modified_gmt":"2024-12-18T11:05:47","slug":"datenschutz","status":"publish","type":"page","link":"https:\/\/liberi-camp.com\/ar\/datenschutz\/","title":{"rendered":"Datenschutz"},"content":{"rendered":"<div class=\"wpb-content-wrapper\"><p>[vc_row][vc_column][vc_column_text css=&#8221;&#8221;]<\/p>\n<div class=\"wpb_text_column wpb_content_element \">\n<div class=\"wpb_wrapper\">\n<div class=\"wpb_text_column wpb_content_element \">\n<div class=\"wpb_wrapper\">\n<div id=\"section-id-1545298339429\" class=\"sppb-section \">\n<div class=\"sppb-container-inner\">\n<div class=\"sppb-row\">\n<div id=\"column-wrap-id-1545298339430\" class=\"sppb-col-md-6\">\n<div id=\"column-id-1545298339430\" class=\"sppb-column\">\n<div class=\"sppb-column-addons\">\n<div id=\"sppb-addon-1545298339425\" class=\"clearfix\">\n<div class=\"sppb-addon sppb-addon-text-block ww-text-block\">\n<div class=\"sppb-addon-content\">\n<h4>Datenschutzerkl\u00e4rung<\/h4>\n<p>&nbsp;<\/p>\n<h4>Verantwortlich f\u00fcr die Verarbeitung Ihrer personenbezogenen Daten auf unserer Website sind Ines K\u00fcssenpfennig und Anna-Maria Slisko. Unsere Daten finden Sie im Impressum. Wir nehmen den Schutz Ihrer pers\u00f6nlichen Daten ernst und behandeln Ihre personenbezogenen Daten vertraulich und entsprechend der gesetzlichen Datenschutzvorschriften und dieser Datenschutzerkl\u00e4rung. Ihre Daten werden ohne Ihre Zustimmung nicht an andere Empf\u00e4nger weitergegeben.<\/h4>\n<p>&nbsp;<\/p>\n<h4><strong>Erhebung, Verarbeitung und Nutzung personenbezogener Daten:<\/strong><\/h4>\n<h4>Wir erheben und speichern automatisch Informationen, die Ihr Browser an uns \u00fcbermittelt. Die IP-Adressen der Nutzer werden nach Beendigung der Nutzung gel\u00f6scht oder anonymisiert. Bei einer Anonymisierung werden die IP-Adressen so gek\u00fcrzt, dass die Einzelangaben \u00fcber pers\u00f6nliche oder sachliche Verh\u00e4ltnisse nicht mehr oder nur mit einem unverh\u00e4ltnism\u00e4\u00dfig gro\u00dfen Aufwand zugeordnet werden k\u00f6nnen. Die Daten in Logfiles werden von uns in anonymisierter Form ausgewertet, um die Website weiter zu verbessern und nutzerfreundlicher zu gestalten sowie Fehler zu beheben. Au\u00dferdem werden sie zur Steuerung der Serverkapazit\u00e4ten genutzt.<\/h4>\n<p>&nbsp;<\/p>\n<h4><strong>Kontaktformular:<\/strong><\/h4>\n<h4>Wenn Sie per Formular auf der Website oder per E-Mail mit uns Kontakt aufnehmen, werden Ihre angegebenen Daten zwecks Bearbeitung der Anfrage und f\u00fcr den Fall von Anschlussfragen 12 Monate bei uns gespeichert. Diese Daten geben wir nicht ohne Ihre Einwilligung weiter.<\/h4>\n<p>&nbsp;<\/p>\n<h4><strong>Cookies:<\/strong><\/h4>\n<h4>Wir nutzen sogenannte Cookies dazu, unser Angebot nutzerfreundlich zu gestalten. Einige Cookies bleiben auf Ihrem Endger\u00e4t gespeichert, bis Sie diese l\u00f6schen. Sie erm\u00f6glichen es uns, Ihren Browser beim n\u00e4chsten Besuch wiederzuerkennen. Wenn Sie dies nicht w\u00fcnschen, so k\u00f6nnen Sie Ihren Browser so einrichten, dass er Sie \u00fcber das Setzen von Cookies informiert und Sie dies nur im Einzelfall erlauben. Bei der Deaktivierung von Cookies kann die Funktionalit\u00e4t unserer Website eingeschr\u00e4nkt sein.<\/h4>\n<p>&nbsp;<\/p>\n<h4><strong>Auskunfts- und Widerrufsrecht:<\/strong><\/h4>\n<h4>Sie haben das Recht auf Auskunft, Berichtigung, L\u00f6schung und Einschr\u00e4nkung der Verarbeitung der personenbezogenen Daten sowie das Recht auf Daten\u00fcbertragung. Zudem haben Sie das Recht auf Widerruf eventuell erteilter Einwilligungen zur Verarbeitung Ihrer personenbezogenen Daten. Die Rechtm\u00e4\u00dfigkeit der Verarbeitung der personenbezogenen Daten bis zum Widerruf wird durch den Widerruf nicht ber\u00fchrt. Sie haben das Recht auf Widerspruch gegen die Verarbeitung Ihrer personenbezogenen Daten zum Zweck der Direktwerbung. Im Fall des Widerspruchs werden Ihre personenbezogenen Daten nicht mehr zum Zwecke der Direktwerbung verarbeitet. Sie haben das Recht auf Beschwerde bei der Aufsichtsbeh\u00f6rde (\u00d6sterreichische Datenschutzbeh\u00f6rde, Wickenburggasse 8, 1080 Wien,\u00a0<a href=\"mailto:dsb@dsb.gv.at\" target=\"_blank\" rel=\"noopener\">dsb@dsb.gv.at<\/a>).<\/h4>\n<\/div>\n<\/div>\n<\/div>\n<\/div>\n<\/div>\n<\/div>\n<\/div>\n<\/div>\n<\/div>\n<\/div>\n<\/div>\n<\/div>\n<\/div>\n<p>[\/vc_column_text][\/vc_column][\/vc_row]<\/p>\n<\/div>","protected":false},"excerpt":{"rendered":"<p>[vc_row][vc_column][vc_column_text css=&#8221;&#8221;] Datenschutzerkl\u00e4rung &nbsp; Verantwortlich f\u00fcr die Verarbeitung Ihrer personenbezogenen Daten auf unserer Website sind Ines K\u00fcssenpfennig und Anna-Maria Slisko. Unsere Daten finden Sie im Impressum. Wir nehmen den Schutz Ihrer pers\u00f6nlichen Daten ernst und behandeln Ihre personenbezogenen Daten vertraulich und entsprechend der gesetzlichen Datenschutzvorschriften und dieser Datenschutzerkl\u00e4rung. Ihre Daten werden ohne Ihre Zustimmung nicht [&hellip;]<\/p>\n","protected":false},"author":1,"featured_media":0,"parent":0,"menu_order":0,"comment_status":"closed","ping_status":"closed","template":"","meta":{"_lmt_disableupdate":"no","_lmt_disable":"","footnotes":""},"class_list":["post-3051","page","type-page","status-publish","hentry"],"_links":{"self":[{"href":"https:\/\/liberi-camp.com\/ar\/wp-json\/wp\/v2\/pages\/3051","targetHints":{"allow":["GET"]}}],"collection":[{"href":"https:\/\/liberi-camp.com\/ar\/wp-json\/wp\/v2\/pages"}],"about":[{"href":"https:\/\/liberi-camp.com\/ar\/wp-json\/wp\/v2\/types\/page"}],"author":[{"embeddable":true,"href":"https:\/\/liberi-camp.com\/ar\/wp-json\/wp\/v2\/users\/1"}],"replies":[{"embeddable":true,"href":"https:\/\/liberi-camp.com\/ar\/wp-json\/wp\/v2\/comments?post=3051"}],"version-history":[{"count":0,"href":"https:\/\/liberi-camp.com\/ar\/wp-json\/wp\/v2\/pages\/3051\/revisions"}],"wp:attachment":[{"href":"https:\/\/liberi-camp.com\/ar\/wp-json\/wp\/v2\/media?parent=3051"}],"curies":[{"name":"wp","href":"https:\/\/api.w.org\/{rel}","templated":true}]}}