{"id":3054,"date":"2018-02-17T13:08:27","date_gmt":"2018-02-17T12:08:27","guid":{"rendered":"https:\/\/liberi-camp.com\/kontakt\/"},"modified":"2025-01-11T12:27:22","modified_gmt":"2025-01-11T11:27:22","slug":"kontakt","status":"publish","type":"page","link":"https:\/\/liberi-camp.com\/en\/kontakt\/","title":{"rendered":"Kontakt"},"content":{"rendered":"<div class=\"wpb-content-wrapper\"><p>[vc_row][vc_column width=&#8221;2\/3&#8243;][vc_column_text css=&#8221;&#8221;]<\/p>\n<h2>Senden Sie uns hier Ihre Anfrage<\/h2>\n<p>Sie wollen ein Camp buchen oder einen Geburtstag von uns organisieren lassen?<\/p>\n<p>Dann sind wir gerne f\u00fcr Sie da.<\/p>\n<p>F\u00fcllen Sie einfach das Formular aus und wir melden uns schnellstm\u00f6glich mit allen weiteren Informationen bei Ihnen.<\/p>\n<p>Gerne k\u00f6nnen Sie uns auch alle offene Fragen schicken oder uns neue Informationen zukommen lassen.[\/vc_column_text][vc_column_text css=&#8221;&#8221;]\n            <div \n                class=\"elfsight-widget-form-builder elfsight-widget\" \n                data-elfsight-form-builder-options=\"%7B%22ei%22%3A%22%22%2C%22fields%22%3A%5B%7B%22type%22%3A%22text%22%2C%22placeholder%22%3A%22%20Vorname%20%2A%22%2C%22description%22%3A%22%22%2C%22label%22%3A%22%22%2C%22required%22%3Atrue%2C%22columnWidth%22%3A50%2C%22id%22%3A%22%5B%5D%22%7D%2C%7B%22type%22%3A%22text%22%2C%22placeholder%22%3A%22Name%20%2A%22%2C%22description%22%3A%22%22%2C%22label%22%3A%22%22%2C%22required%22%3Atrue%2C%22columnWidth%22%3A50%2C%22id%22%3A%22%5B%5D%22%7D%2C%7B%22type%22%3A%22email%22%2C%22label%22%3A%22%22%2C%22description%22%3A%22%22%2C%22placeholder%22%3A%22Email%20%2A%22%2C%22required%22%3Atrue%2C%22columnWidth%22%3A50%2C%22id%22%3A%22%5B%5D%22%7D%2C%7B%22type%22%3A%22phone%22%2C%22label%22%3A%22%22%2C%22placeholder%22%3A%22Telefon%22%2C%22description%22%3A%22%22%2C%22required%22%3Afalse%2C%22columnWidth%22%3A50%2C%22id%22%3A%22%5B%5D%22%7D%2C%7B%22type%22%3A%22textarea%22%2C%22label%22%3A%22%22%2C%22description%22%3A%22%22%2C%22placeholder%22%3A%22Nachricht%20%2A%22%2C%22required%22%3Atrue%2C%22columnWidth%22%3A100%2C%22id%22%3A%22%5B%5D%22%7D%2C%7B%22type%22%3A%22checkbox%22%2C%22label%22%3A%22%22%2C%22name%22%3A%22%22%2C%22placeholder%22%3A%22%22%2C%22options%22%3A%22Ich%20stimme%20zu%2C%20dass%20meine%20Angaben%20aus%20dem%20Kontaktformular%20zur%20Beantwortung%20meiner%20Anfrage%20erhoben%20und%20verarbeitet%20werden.%22%2C%22scaleNumbersMin%22%3A1%2C%22scaleNumbersMax%22%3A10%2C%22leftCaption%22%3A%22Not%20likely%22%2C%22rightCaption%22%3A%22Very%20likely%22%2C%22fileLinkCaption%22%3A%22Choose%20file%22%2C%22fileDragCaption%22%3A%22or%20drag%20%26%20drop%20here%22%2C%22text%22%3A%22Text%22%2C%22title%22%3A%22Heading%22%2C%22caption%22%3A%22%22%2C%22value%22%3A%22%22%2C%22labelText%22%3A%22Label%22%2C%22dateTime%22%3A%22date%22%2C%22dateFormat%22%3A%22d.m.Y%22%2C%22timeFormat%22%3A%22H%3Ai%22%2C%22starsCount%22%3A5%2C%22required%22%3Atrue%2C%22description%22%3A%22%22%2C%22columnWidth%22%3A100%2C%22elementColumnWidth%22%3A100%2C%22fileAllowedAll%22%3Atrue%2C%22fileAllowed%22%3A%5B%22.jpg%22%2C%22.jpeg%22%2C%22.png%22%2C%22.gif%22%2C%22.txt%22%2C%22.pdf%22%2C%22.doc%22%2C%22.docx%22%2C%22.pages%22%2C%22.numbers%22%2C%22.xls%22%2C%22.xlsx%22%2C%22.odt%22%2C%22.ppt%22%2C%22.pptx%22%2C%22.pps%22%2C%22.ppsx%22%2C%22.html%22%5D%2C%22fileMax%22%3A25%2C%22fields%22%3A%22%22%2C%22id%22%3A%22%5B%5D%22%7D%2C%7B%22type%22%3A%22caption%22%2C%22label%22%3A%22Paragraph%20Text%22%2C%22name%22%3A%22%22%2C%22placeholder%22%3A%22%22%2C%22options%22%3A%22Option%201%5CnOption%202%22%2C%22scaleNumbersMin%22%3A1%2C%22scaleNumbersMax%22%3A10%2C%22leftCaption%22%3A%22Not%20likely%22%2C%22rightCaption%22%3A%22Very%20likely%22%2C%22fileLinkCaption%22%3A%22Choose%20file%22%2C%22fileDragCaption%22%3A%22or%20drag%20%26%20drop%20here%22%2C%22text%22%3A%22%3Cdiv%20align%3D%5C%22left%5C%22%3E%3Cspan%20style%3D%5C%22font-size%3A12px%3B%5C%22%3E%3Cb%3EHinweis%3A%3C%5C%2Fb%3E%26nbsp%3BSie%20k%5Cu00f6nnen%20Ihre%20Einwilligung%20jederzeit%20f%5Cu00fcr%20die%20Zukunft%20per%20E-Mail%20widerrufen.%3Cbr%3E%5Cn%5Cn%20%20%20%20%20%20%20%20%20Detaillierte%20Informationen%20zum%20Umgang%20mit%20Nutzerdaten%20finden%20Sie%20in%20unserer%20Datenschutzerkl%5Cu00e4rung.%3C%5C%2Fspan%3E%3C%5C%2Fdiv%3E%22%2C%22title%22%3A%22Heading%22%2C%22caption%22%3A%22%22%2C%22value%22%3A%22%22%2C%22labelText%22%3A%22Label%22%2C%22dateTime%22%3A%22date%22%2C%22dateFormat%22%3A%22d.m.Y%22%2C%22timeFormat%22%3A%22H%3Ai%22%2C%22starsCount%22%3A5%2C%22required%22%3Afalse%2C%22description%22%3A%22%22%2C%22columnWidth%22%3A100%2C%22elementColumnWidth%22%3A100%2C%22fileAllowedAll%22%3Atrue%2C%22fileAllowed%22%3A%5B%22.jpg%22%2C%22.jpeg%22%2C%22.png%22%2C%22.gif%22%2C%22.txt%22%2C%22.pdf%22%2C%22.doc%22%2C%22.docx%22%2C%22.pages%22%2C%22.numbers%22%2C%22.xls%22%2C%22.xlsx%22%2C%22.odt%22%2C%22.ppt%22%2C%22.pptx%22%2C%22.pps%22%2C%22.ppsx%22%2C%22.html%22%5D%2C%22fileMax%22%3A25%2C%22fields%22%3A%22%22%2C%22id%22%3A%22%5Bparagraph-text%5D%22%7D%5D%2C%22headerActive%22%3Afalse%2C%22headerTitle%22%3A%22Get%20in%20Touch%22%2C%22headerText%22%3A%22Leave%20your%20message%20and%20we%27ll%20get%20back%20to%20you%20shortly.%22%2C%22headerPictureUrl%22%3A%22message%22%2C%22footerText%22%3A%22%22%2C%22actionAfterSubmit%22%3A%22message%22%2C%22successMessage%22%3A%22Ihre%20Nachricht%20wurde%20erfolgreich%20versandt%21%20Wir%20werden%20in%20K%5Cu00fcrze%20darauf%20antworten.%3Cbr%3E%22%2C%22successContinueText%22%3A%22OK%22%2C%22redirectUrl%22%3A%22https%3A%5C%2F%5C%2Fexample.com%22%2C%22submitText%22%3A%22Absenden%22%2C%22stepsMessagesDivider%22%3Anull%2C%22stepsMessagesTitle%22%3Anull%2C%22stepsText%22%3A%22step%20%251%20of%20%252%22%2C%22stepBackText%22%3A%22Back%22%2C%22stepNextText%22%3A%22Next%22%2C%22errorMessageAllRequired%22%3A%22Bitte%20f%5Cu00fcllen%20Sie%20alle%20erforderlichen%20Felder%20aus.%22%2C%22errorMessageAllIncorrect%22%3A%22Bitte%20f%5Cu00fcllen%20Sie%20alle%20Felder%20korrekt%20aus.%22%2C%22errorMessageSetMailTo%22%3A%22Please%2C%20set%20the%20email%20to%20send%20messages%20to%22%2C%22errorMessageRequiredCaptcha%22%3A%22Bitte%2C%20geben%20Sie%20das%20Captcha%20ein%22%2C%22errorMessageFileSizeLimit%22%3A%22File%20size%20limit%20exceeded%22%2C%22errorMessageFileNotAllowed%22%3A%22File%20extension%20not%20allowed%22%2C%22errorMessageUnknown%22%3A%22Unbekannter%20Fehler%22%2C%22errorMessageRequired%22%3A%22Erforderliches%20Feld%22%2C%22errorMessageInvalid%22%3A%22Ung%5Cu00fcltig%22%2C%22errorMessageInvalidEmail%22%3A%22Ung%5Cu00fcltige%20E-Mail%22%2C%22errorMessageInvalidPhone%22%3A%22Invalid%20phone%20number%22%2C%22errorMessageInvalidUrl%22%3A%22Invalid%20URL%22%2C%22calendarWeekdaysShorthand%22%3A%22Sun%5CnMon%5CnTue%5CnWed%5CnThu%5CnFri%5CnSat%22%2C%22calendarMonthsLonghand%22%3A%22January%5CnFebruary%5CnMarch%5CnApril%5CnMay%5CnJune%5CnJuly%5CnAugust%5CnSeptember%5CnOctober%5CnNovember%5CnDecember%22%2C%22showProgress%22%3Atrue%2C%22recaptchaType%22%3A%22invisible%22%2C%22integrationsGoogleToken%22%3A%22%22%2C%22integrationsGoogleSheetId%22%3A%22%22%2C%22layout%22%3A%22default%22%2C%22floatingIcon%22%3A%22message%22%2C%22floatingText%22%3A%22%22%2C%22floatingPosition%22%3A%22right%22%2C%22width%22%3A%22580%22%2C%22style%22%3A%22classic-rounded%22%2C%22mainColor%22%3A%22rgb%28204%2C%20139%2C%20101%29%22%2C%22apiUrl%22%3A%22https%3A%5C%2F%5C%2Fliberi-camp.com%5C%2Fen%5C%2Fwp-json%5C%2Felfsight-form-builder%5C%2Fapi%22%2C%22recaptchaKeyCheckbox%22%3A%226LfXGHgUAAAAAHNIE_EH7kEI1l4xvf_ynIlg5bfo%22%2C%22recaptchaKeyInvisible%22%3A%226Ld1CXgUAAAAAFTHmixC1Eo-NP7_3ddB1YOj9AfX%22%2C%22widgetId%22%3A%222%22%7D\" \n                data-elfsight-form-builder-version=\"1.5.1\"\n                data-elfsight-widget-id=\"elfsight-form-builder-2\">\n            <\/div>\n            [\/vc_column_text][vc_empty_space height=&#8221;21px&#8221;][\/vc_column][vc_column width=&#8221;1\/3&#8243;][vc_single_image image=&#8221;2396&#8243; img_size=&#8221;full&#8221; alignment=&#8221;center&#8221; style=&#8221;vc_box_rounded&#8221; css=&#8221;&#8221;][vc_empty_space height=&#8221;15px&#8221;][vc_column_text css=&#8221;&#8221;]<\/p>\n<h4>Liberi-Camp<\/h4>\n<p>Suppanstrasse 69<\/p>\n<p>9020 Klagenfurt<\/p>\n<p>Kontakt: 0043\/ 681\u00a0 20 4141 06<\/p>\n<p>Email: info@liberi-camp.com[\/vc_column_text][vc_empty_space height=&#8221;30px&#8221;]    <div class=\"social_media\">\r\n                                        <\/div>\r\n\r\n\t\t[vc_empty_space height=&#8221;57px&#8221;][\/vc_column][\/vc_row][vc_row full_width=&#8221;stretch_row&#8221; css=&#8221;.vc_custom_1729925688965{border-top-width: 1px !important;border-bottom-width: 1px !important;padding-top: 1px !important;padding-bottom: 45px !important;background-color: #FFFFFF !important;border-top-style: solid !important;border-bottom-style: solid !important;border-color: #FFFFFF !important;}&#8221; el_class=&#8221;gray-bg&#8221;][vc_column][vc_column_text css=&#8221;&#8221;]<\/p>\n<h2 style=\"text-align: left;\">H\u00e4ufig gestellte Fragen (FAQ)<\/h2>\n<p>[\/vc_column_text][vc_toggle title=&#8221;F\u00fcr welche Altersgruppen ist das Feriencamp geeignet?&#8221; css=&#8221;&#8221;]Unser Feriencamp ist f\u00fcr Kinder und Jugendliche im Alter von 8 bis 16 Jahren geeignet. Wir bieten altersgerechte Programme und Aktivit\u00e4ten, damit jeder Teilnehmer auf seine Kosten kommt.[\/vc_toggle][vc_toggle title=&#8221;Welche Art von Unterk\u00fcnften bietet das Camp?&#8221; css=&#8221;&#8221;]Die Teilnehmer \u00fcbernachten in gem\u00fctlichen, gut ausgestatteten Ferienappartements oder Hotels. Alle Unterk\u00fcnfte sind sicher, komfortabel und in der N\u00e4he.[\/vc_toggle][vc_toggle title=&#8221;Welche Aktivit\u00e4ten werden angeboten?&#8221; css=&#8221;&#8221;]Unser Camp bietet eine breite Palette an Aktivit\u00e4ten, darunter Wassersport (Schwimmen, Stand- up-Paddling, Kajak), Wanderungen, Mountainbiken, Klettern, kreative Workshops, Sportspiele und vieles mehr. Es ist f\u00fcr jeden Geschmack etwas dabei![\/vc_toggle][vc_toggle title=&#8221;Ist das Camp auch f\u00fcr Kinder geeignet, die noch nie in einem Camp waren?&#8221; css=&#8221;&#8221;]Ja, unser Camp ist besonders gut f\u00fcr Anf\u00e4nger geeignet. Wir bieten eine sichere, unterst\u00fctzende Umgebung, in der sich die Kinder schnell wohlf\u00fchlen und neue Freundschaften kn\u00fcpfen k\u00f6nnen. Unsere erfahrenen Betreuer sorgen daf\u00fcr, dass sich alle gut aufgehoben f\u00fchlen.[\/vc_toggle][vc_toggle title=&#8221;Wie wird die Sicherheit der Teilnehmer gew\u00e4hrleistet?&#8221; css=&#8221;&#8221;]Die Sicherheit unserer Teilnehmer hat oberste Priorit\u00e4t. Unsere Betreuer sind qualifizierte Fachkr\u00e4fte, die in Erster Hilfe geschult sind. Alle Aktivit\u00e4ten werden unter professioneller Anleitung und unter Ber\u00fccksichtigung der Sicherheitsstandards durchgef\u00fchrt. Zudem haben wir jederzeit medizinisches Personal vor Ort.[\/vc_toggle][vc_toggle title=&#8221;Gibt es spezielle Men\u00fcs f\u00fcr Kinder mit Allergien oder besonderen Ern\u00e4hrungsbed\u00fcrfnissen?&#8221; css=&#8221;&#8221;]Ja, wir bieten spezielle Men\u00fcs f\u00fcr Teilnehmer mit Nahrungsmittelallergien oder besonderen Ern\u00e4hrungsbed\u00fcrfnissen (z.B. vegetarische, vegane oder glutenfreie Optionen). Bitte informiere uns im Voraus, damit wir die Verpflegung entsprechend planen k\u00f6nnen.[\/vc_toggle][vc_toggle title=&#8221;Wie sieht ein typischer Tagesablauf im Camp aus?&#8221; css=&#8221;&#8221;]Ein typischer Tag beginnt mit einem gemeinsamen Fr\u00fchst\u00fcck, gefolgt von verschiedenen Aktivit\u00e4ten wie Wassersport, Wanderungen oder kreativen Workshops. Nach dem Mittagessen gibt es weitere Aktivit\u00e4ten oder Ausfl\u00fcge. Der Tag endet oft mit einem Lagerfeuer, Spielen oder einer Abendveranstaltung. Nat\u00fcrlich gibt es auch Pausen zur Erholung.[\/vc_toggle][vc_toggle title=&#8221;Sind die Betreuer qualifiziert?&#8221; css=&#8221;&#8221;]Ja, alle unsere Betreuer sind ausgebildete P\u00e4dagogen, Sportlehrer[\/vc_toggle][\/vc_column][\/vc_row]<\/p>\n<\/div>","protected":false},"excerpt":{"rendered":"<p>[vc_row][vc_column width=&#8221;2\/3&#8243;][vc_column_text css=&#8221;&#8221;] Senden Sie uns hier Ihre Anfrage Sie wollen ein Camp buchen oder einen Geburtstag von uns organisieren lassen? Dann sind wir gerne f\u00fcr Sie da. F\u00fcllen Sie einfach das Formular aus und wir melden uns schnellstm\u00f6glich mit allen weiteren Informationen bei Ihnen. Gerne k\u00f6nnen Sie uns auch alle offene Fragen schicken oder [&hellip;]<\/p>\n","protected":false},"author":1,"featured_media":0,"parent":0,"menu_order":0,"comment_status":"closed","ping_status":"closed","template":"","meta":{"_lmt_disableupdate":"no","_lmt_disable":"","footnotes":""},"class_list":["post-3054","page","type-page","status-publish","hentry"],"_links":{"self":[{"href":"https:\/\/liberi-camp.com\/en\/wp-json\/wp\/v2\/pages\/3054","targetHints":{"allow":["GET"]}}],"collection":[{"href":"https:\/\/liberi-camp.com\/en\/wp-json\/wp\/v2\/pages"}],"about":[{"href":"https:\/\/liberi-camp.com\/en\/wp-json\/wp\/v2\/types\/page"}],"author":[{"embeddable":true,"href":"https:\/\/liberi-camp.com\/en\/wp-json\/wp\/v2\/users\/1"}],"replies":[{"embeddable":true,"href":"https:\/\/liberi-camp.com\/en\/wp-json\/wp\/v2\/comments?post=3054"}],"version-history":[{"count":1,"href":"https:\/\/liberi-camp.com\/en\/wp-json\/wp\/v2\/pages\/3054\/revisions"}],"predecessor-version":[{"id":3119,"href":"https:\/\/liberi-camp.com\/en\/wp-json\/wp\/v2\/pages\/3054\/revisions\/3119"}],"wp:attachment":[{"href":"https:\/\/liberi-camp.com\/en\/wp-json\/wp\/v2\/media?parent=3054"}],"curies":[{"name":"wp","href":"https:\/\/api.w.org\/{rel}","templated":true}]}}